{"id":127,"date":"2015-11-13T14:23:36","date_gmt":"2015-11-13T12:23:36","guid":{"rendered":"http:\/\/industriemeister24.net\/?page_id=127"},"modified":"2016-01-12T14:40:30","modified_gmt":"2016-01-12T12:40:30","slug":"organisation-der-fortbildung","status":"publish","type":"page","link":"https:\/\/industriemeister24.net\/?page_id=127","title":{"rendered":"Organisationsformen"},"content":{"rendered":"<p>Die Auswahl einer geeigneten Lehrgangsform ist nicht ganz einfach. Bevor Sie sich auf den &#8220;Meisterweg&#8221; begeben, sollten Sie eine sehr genaue Analyse der Anbieter vornehmen. Schlie\u00dflich werden Sie eine Menge Zeit und Geld investieren.<\/p>\n<p>Um diese Entscheidung etwas besser zu strukturieren, hat das Bundesinstitut f\u00fcr Berufsbildung (kurz: BiBB) eine sinnvolle und hilfreiche <a href=\"https:\/\/www.bibb.de\/dokumente\/pdf\/Checkliste_2012_Fragebogen_Internet.pdf\">Pr\u00fcfliste f\u00fcr einen Anbietervergleich<\/a> in der Weiterbildung erstellt.<\/p>\n<p>Wer sich etwas weitergehender informieren m\u00f6chte, kann sich die BIBB-Brosch\u00fcre <a href=\"https:\/\/www.bibb.de\/dokumente\/pdf\/a44_2015_03_02_checkliste_qualitaet_beruflicher_weiterbildung.pdf\">Checkliste &#8220;Qualit\u00e4t beruflicher Weiterbildung&#8221;<\/a> herunterladen.<\/p>\n<p>Und noch ein praktischer Tipp: Sofern Sie sich n\u00e4her f\u00fcr einen Anbieter sollten Sie an einem Unterricht teilnehmen oder eine Probelektion anfordern. So k\u00f6nnen Sie sich einen besseren Eindruck verschaffen und zugleich sich (in der Pause&#8230;) mit den anderen Teilnehmern \u00fcber ihre Erfahrungen austauschen. Seri\u00f6se Anbieter lassen solche Besuche &#8211; nach vorheriger Anmeldung &#8211; gerne zu.<\/p>\n<p>F\u00fcr die Qualifikation zum Industriemeister gibt es verschiedene Organisationsformen.<\/p>\n<p><strong>1. Vollzeitkurse<\/strong><\/p>\n<p>Vollzeitkurse bereiten in relativ kurzer Zeit auf die Pr\u00fcfung zum Industriemeister vor. In den Fachrichtungen mit vielen Teilnehmerzahlen findet man in der Regel wohnortnah einen entsprechenden Kurs.<br \/>\nDer Unterricht wird dabei tags\u00fcber mit etwa acht Unterrichtsstunden erteilt. Das Wochenende bleibt in der Regel unterrichtsfrei.<\/p>\n<p><strong>2. Teilzeitkurse<\/strong><\/p>\n<p>Neben der Vollzeitform gibt es verschiedene Angebote den Unterricht berufsbegleitend zu besuchen. Der Unterricht kann dabei in den Abendstunden erfolgen, wobei im Normalfall nur vier Unterrichtsstunden erteilt werden\u00a0 (z. B. von 17.30 bis 20.45 Uhr).<br \/>\nEine andere M\u00f6glichkeit wird im Bereich Freitag (z. B. 16 &#8211; 21 Uhr) und Samstag (z. B. 9 &#8211; 15.30 Uhr) angeboten.<\/p>\n<p>Tipp: Sofern Sie einen Vollzeit-\/Teilzeitkurs gefunden haben, sollten Sie sich nach den Erfahrungen anderer Teilnehmer erkundigen. Seri\u00f6se Anbieter lassen dabei einen sehr sinnvollen &#8220;Gastbesuch&#8221; zu. Sprechen Sie mit den dortigen Kursteilnehmern.<\/p>\n<p><strong>3. Fernlern-\/Onlinekurse<\/strong><\/p>\n<p>Fernlernkurse oder Onlinekurse sind eine weitere Form, um die Fortbildung berufsbegleitend zu absolvieren. Hierbei erh\u00e4lt man Lernmaterialien, die selbst durchgearbeitet werden m\u00fcssen.<br \/>\nDabei gibt es eine Reihe von Anbietern, die massiv f\u00fcr diese Form werben.<\/p>\n<p>Tipp: Lassen Sie sich eine Probelektion schicken bzw. freischalten, damit Sie sich einen ersten Eindruck verschaffen k\u00f6nnen.<br \/>\nPr\u00fcfen Sie sich selbstkritisch &#8211; haben Sie die n\u00f6tige Selbstdisziplin f\u00fcr diese Lehrgangsform?<\/p>\n<p><strong>4. Selbststudium<\/strong><\/p>\n<p>Grunds\u00e4tzlich ist ein Selbststudium m\u00f6glich. Allerdings ist es so schwierig aus der F\u00fclle an Lernmaterialien die relevanten Aspekte auszuw\u00e4hlen.<br \/>\nNeben dem hohen Ma\u00df an Selbstdisziplin ist eine strukturierte und zielorientiertes Arbeitsweise erforderlich. Realistisch betrachtet ist dieser Weg nur etwas f\u00fcr ganz besondere Ausnahmef\u00e4lle. F\u00fcr die Mehrheit halten wir diesen Weg f\u00fcr nicht geeignet, um das Ziel zu erreichen.<\/p>\n","protected":false},"excerpt":{"rendered":"<p>Die Auswahl einer geeigneten Lehrgangsform ist nicht ganz einfach. Bevor Sie sich auf den &#8220;Meisterweg&#8221; begeben, sollten Sie eine sehr genaue Analyse der Anbieter vornehmen. Schlie\u00dflich werden Sie eine Menge Zeit und Geld investieren. Um diese Entscheidung etwas besser zu strukturieren, hat das Bundesinstitut f\u00fcr Berufsbildung (kurz: BiBB) eine sinnvolle und hilfreiche Pr\u00fcfliste f\u00fcr einen [&hellip;]<\/p>\n","protected":false},"author":2,"featured_media":0,"parent":0,"menu_order":0,"comment_status":"closed","ping_status":"closed","template":"","meta":{"footnotes":""},"class_list":["post-127","page","type-page","status-publish","hentry"],"jetpack_sharing_enabled":true,"amp_enabled":true,"_links":{"self":[{"href":"https:\/\/industriemeister24.net\/index.php?rest_route=\/wp\/v2\/pages\/127","targetHints":{"allow":["GET"]}}],"collection":[{"href":"https:\/\/industriemeister24.net\/index.php?rest_route=\/wp\/v2\/pages"}],"about":[{"href":"https:\/\/industriemeister24.net\/index.php?rest_route=\/wp\/v2\/types\/page"}],"author":[{"embeddable":true,"href":"https:\/\/industriemeister24.net\/index.php?rest_route=\/wp\/v2\/users\/2"}],"replies":[{"embeddable":true,"href":"https:\/\/industriemeister24.net\/index.php?rest_route=%2Fwp%2Fv2%2Fcomments&post=127"}],"version-history":[{"count":5,"href":"https:\/\/industriemeister24.net\/index.php?rest_route=\/wp\/v2\/pages\/127\/revisions"}],"predecessor-version":[{"id":370,"href":"https:\/\/industriemeister24.net\/index.php?rest_route=\/wp\/v2\/pages\/127\/revisions\/370"}],"wp:attachment":[{"href":"https:\/\/industriemeister24.net\/index.php?rest_route=%2Fwp%2Fv2%2Fmedia&parent=127"}],"curies":[{"name":"wp","href":"https:\/\/api.w.org\/{rel}","templated":true}]}}