{"id":167,"date":"2015-11-17T09:41:59","date_gmt":"2015-11-17T07:41:59","guid":{"rendered":"http:\/\/industriemeister24.net\/?page_id=167"},"modified":"2015-11-17T09:41:59","modified_gmt":"2015-11-17T07:41:59","slug":"bildungsgutschein-der-agentur-fuer-arbeit","status":"publish","type":"page","link":"https:\/\/industriemeister24.net\/?page_id=167","title":{"rendered":"Bildungsgutschein der Agentur f\u00fcr Arbeit"},"content":{"rendered":"<p>In besonderen F\u00e4llen haben Sie ein Anrecht auf eine F\u00f6rderung \u00fcber die Agentur f\u00fcr Arbeit. Hierbei gelten folgende Voraussetzungen:<\/p>\n<ul>\n<li>Der Bildungsgutschein ist an ein bestimmtes Bildungsziel gebunden und gilt f\u00fcr die erforderliche Dauer bis zum Erreichen des Bildungsziels<\/li>\n<li>Es werden die kompletten Kosten des Lehrgang \u00fcbernommen (diese finden sich in der Beschreibung des Lehrgangs, die zur Zulassung f\u00fcr den Bildungsgutschein, kurz: Zertifizierung, durch den Bildungstr\u00e4ger bei der Agentur vorgelegt wurde. Meist werden in dieser Zeit auch noch weitere Leistungen, wie Kosten der Unterkunft u.a. \u00fcbernommen, lassen Sie sich beraten )<\/li>\n<li>G\u00fcltigkeit von Ausstellung bis zum Antritt der Ma\u00dfnahme: 3 Monate<\/li>\n<\/ul>\n<p>Der Bildungsgutschein kann sowohl bei der Agentur f\u00fcr Arbeit, als auch bei den Jobcentern von &#8220;Team arbeit&#8221; (meist auch Hartz.4-Amt grnannt), beantragt werden und kann aus den folgenden Gr\u00fcnden ausgegeben werden:<\/p>\n<ul>\n<li>Um Arbeitslosigkeit zu verhindern<\/li>\n<li>Um die Integration in den 1.Arbeitsmarkt zu f\u00f6rdern<\/li>\n<li>Voraussetzung: Es liegt eine abgeschlossene Berufsausbildung oder 3 Jahre Berufserfahrung vor<\/li>\n<\/ul>\n","protected":false},"excerpt":{"rendered":"<p>In besonderen F\u00e4llen haben Sie ein Anrecht auf eine F\u00f6rderung \u00fcber die Agentur f\u00fcr Arbeit. Hierbei gelten folgende Voraussetzungen: Der Bildungsgutschein ist an ein bestimmtes Bildungsziel gebunden und gilt f\u00fcr die erforderliche Dauer bis zum Erreichen des Bildungsziels Es werden die kompletten Kosten des Lehrgang \u00fcbernommen (diese finden sich in der Beschreibung des Lehrgangs, die [&hellip;]<\/p>\n","protected":false},"author":2,"featured_media":0,"parent":73,"menu_order":10,"comment_status":"closed","ping_status":"closed","template":"","meta":{"footnotes":""},"class_list":["post-167","page","type-page","status-publish","hentry"],"jetpack_sharing_enabled":true,"amp_enabled":true,"_links":{"self":[{"href":"https:\/\/industriemeister24.net\/index.php?rest_route=\/wp\/v2\/pages\/167","targetHints":{"allow":["GET"]}}],"collection":[{"href":"https:\/\/industriemeister24.net\/index.php?rest_route=\/wp\/v2\/pages"}],"about":[{"href":"https:\/\/industriemeister24.net\/index.php?rest_route=\/wp\/v2\/types\/page"}],"author":[{"embeddable":true,"href":"https:\/\/industriemeister24.net\/index.php?rest_route=\/wp\/v2\/users\/2"}],"replies":[{"embeddable":true,"href":"https:\/\/industriemeister24.net\/index.php?rest_route=%2Fwp%2Fv2%2Fcomments&post=167"}],"version-history":[{"count":1,"href":"https:\/\/industriemeister24.net\/index.php?rest_route=\/wp\/v2\/pages\/167\/revisions"}],"predecessor-version":[{"id":168,"href":"https:\/\/industriemeister24.net\/index.php?rest_route=\/wp\/v2\/pages\/167\/revisions\/168"}],"up":[{"embeddable":true,"href":"https:\/\/industriemeister24.net\/index.php?rest_route=\/wp\/v2\/pages\/73"}],"wp:attachment":[{"href":"https:\/\/industriemeister24.net\/index.php?rest_route=%2Fwp%2Fv2%2Fmedia&parent=167"}],"curies":[{"name":"wp","href":"https:\/\/api.w.org\/{rel}","templated":true}]}}