{"id":186,"date":"2015-11-17T13:31:17","date_gmt":"2015-11-17T11:31:17","guid":{"rendered":"http:\/\/industriemeister24.net\/?page_id=186"},"modified":"2015-11-17T13:31:17","modified_gmt":"2015-11-17T11:31:17","slug":"bildungsurlaub","status":"publish","type":"page","link":"https:\/\/industriemeister24.net\/?page_id=186","title":{"rendered":"Bildungsurlaub"},"content":{"rendered":"<p>In den meisten Bundesl\u00e4ndern hat der Arbeitnehmer einen gesetzlichen Anspruch auf 5 Tage bezahlten Bildungsurlaub, den der Teilnehmer f\u00fcr berufliche oder politische Weiterbildung in Anspruch nehmen kann.<\/p>\n<p>Diese muss dem beruflichen oder politischem Zweck f\u00f6rderlich, also weiterbildend sein, der Urlaub muss form- und fristgerecht beantragt werden und der Genehmigung d\u00fcrfen keine dringenden betrieblichen Belange oder die Urlaubsanspr\u00fcche anderer Mitarbeiter entgegen stehen.<\/p>\n<p>Sofern diese Voraussetzungen erf\u00fcllt sind, kann der Bildungsurlaub beim Arbeitgeber beantragt werden.<\/p>\n<p>&nbsp;<\/p>\n<p>N\u00e4here Informationen\u00a0 finden Sie hier: <a href=\"https:\/\/de.wikipedia.org\/wiki\/Bildungsurlaub\" target=\"_blank\">Wikipedia, Bildungsurlaub<\/a><\/p>\n","protected":false},"excerpt":{"rendered":"<p>In den meisten Bundesl\u00e4ndern hat der Arbeitnehmer einen gesetzlichen Anspruch auf 5 Tage bezahlten Bildungsurlaub, den der Teilnehmer f\u00fcr berufliche oder politische Weiterbildung in Anspruch nehmen kann. Diese muss dem beruflichen oder politischem Zweck f\u00f6rderlich, also weiterbildend sein, der Urlaub muss form- und fristgerecht beantragt werden und der Genehmigung d\u00fcrfen keine dringenden betrieblichen Belange oder [&hellip;]<\/p>\n","protected":false},"author":2,"featured_media":0,"parent":73,"menu_order":20,"comment_status":"closed","ping_status":"closed","template":"","meta":{"footnotes":""},"class_list":["post-186","page","type-page","status-publish","hentry"],"jetpack_sharing_enabled":true,"amp_enabled":true,"_links":{"self":[{"href":"https:\/\/industriemeister24.net\/index.php?rest_route=\/wp\/v2\/pages\/186","targetHints":{"allow":["GET"]}}],"collection":[{"href":"https:\/\/industriemeister24.net\/index.php?rest_route=\/wp\/v2\/pages"}],"about":[{"href":"https:\/\/industriemeister24.net\/index.php?rest_route=\/wp\/v2\/types\/page"}],"author":[{"embeddable":true,"href":"https:\/\/industriemeister24.net\/index.php?rest_route=\/wp\/v2\/users\/2"}],"replies":[{"embeddable":true,"href":"https:\/\/industriemeister24.net\/index.php?rest_route=%2Fwp%2Fv2%2Fcomments&post=186"}],"version-history":[{"count":1,"href":"https:\/\/industriemeister24.net\/index.php?rest_route=\/wp\/v2\/pages\/186\/revisions"}],"predecessor-version":[{"id":187,"href":"https:\/\/industriemeister24.net\/index.php?rest_route=\/wp\/v2\/pages\/186\/revisions\/187"}],"up":[{"embeddable":true,"href":"https:\/\/industriemeister24.net\/index.php?rest_route=\/wp\/v2\/pages\/73"}],"wp:attachment":[{"href":"https:\/\/industriemeister24.net\/index.php?rest_route=%2Fwp%2Fv2%2Fmedia&parent=186"}],"curies":[{"name":"wp","href":"https:\/\/api.w.org\/{rel}","templated":true}]}}