{"id":189,"date":"2015-11-17T13:37:40","date_gmt":"2015-11-17T11:37:40","guid":{"rendered":"http:\/\/industriemeister24.net\/?page_id=189"},"modified":"2015-11-17T13:37:40","modified_gmt":"2015-11-17T11:37:40","slug":"rehabilitationsfoerderung","status":"publish","type":"page","link":"https:\/\/industriemeister24.net\/?page_id=189","title":{"rendered":"Rehabilitationsf\u00f6rderung"},"content":{"rendered":"<p>Die Rehabilitationsf\u00f6rderung, oft auch als &#8220;F\u00f6rderung zur Teilhabe am Arbeitsleben&#8221; bezeichnet, hat das Ziel, Menschen mit Behinderung in folgenden Punkten zu unterst\u00fctzen:<\/p>\n<ul>\n<li>Eingliederung in den 1. Arbeitsmarkt in Form von Sozialleistungen<\/li>\n<li>Erhaltung eines Arbeitsplatzes<\/li>\n<li>Erlangen eines Arbeitsplatzes<\/li>\n<li>Weiterbildung zur Sicherung des Arbeitsplatzes<\/li>\n<li>Ausbildung in einem Beruf<\/li>\n<li>Bezuschussung zur Gr\u00fcndung<\/li>\n<li>Vorbereitung auf den Beruf<\/li>\n<\/ul>\n<p>Grunds\u00e4tzlich kann jeder Erwachsene, bzw. Jugendliche mit drohender oder vorhandener Behinderung diese Leistungen beantragen. Hier f\u00fcr ist bei der Agentur f\u00fcr Arbeit, ggf. auch\/oder bei der Rentenkasse ein Antrag auf &#8220;Teilhabe am Arbeitsleben&#8221; zu stellen.<\/p>\n<p>N\u00e4here Informationen erhalten Sie hier: <a href=\"http:\/\/www.betanet.de\/betanet\/soziales_recht\/Teilhabe-am-Arbeitsleben-398.html\" target=\"_blank\">Teilhabe am Arbeitsleben<\/a><\/p>\n","protected":false},"excerpt":{"rendered":"<p>Die Rehabilitationsf\u00f6rderung, oft auch als &#8220;F\u00f6rderung zur Teilhabe am Arbeitsleben&#8221; bezeichnet, hat das Ziel, Menschen mit Behinderung in folgenden Punkten zu unterst\u00fctzen: Eingliederung in den 1. Arbeitsmarkt in Form von Sozialleistungen Erhaltung eines Arbeitsplatzes Erlangen eines Arbeitsplatzes Weiterbildung zur Sicherung des Arbeitsplatzes Ausbildung in einem Beruf Bezuschussung zur Gr\u00fcndung Vorbereitung auf den Beruf Grunds\u00e4tzlich kann [&hellip;]<\/p>\n","protected":false},"author":2,"featured_media":0,"parent":73,"menu_order":50,"comment_status":"closed","ping_status":"closed","template":"","meta":{"footnotes":""},"class_list":["post-189","page","type-page","status-publish","hentry"],"jetpack_sharing_enabled":true,"amp_enabled":true,"_links":{"self":[{"href":"https:\/\/industriemeister24.net\/index.php?rest_route=\/wp\/v2\/pages\/189","targetHints":{"allow":["GET"]}}],"collection":[{"href":"https:\/\/industriemeister24.net\/index.php?rest_route=\/wp\/v2\/pages"}],"about":[{"href":"https:\/\/industriemeister24.net\/index.php?rest_route=\/wp\/v2\/types\/page"}],"author":[{"embeddable":true,"href":"https:\/\/industriemeister24.net\/index.php?rest_route=\/wp\/v2\/users\/2"}],"replies":[{"embeddable":true,"href":"https:\/\/industriemeister24.net\/index.php?rest_route=%2Fwp%2Fv2%2Fcomments&post=189"}],"version-history":[{"count":1,"href":"https:\/\/industriemeister24.net\/index.php?rest_route=\/wp\/v2\/pages\/189\/revisions"}],"predecessor-version":[{"id":190,"href":"https:\/\/industriemeister24.net\/index.php?rest_route=\/wp\/v2\/pages\/189\/revisions\/190"}],"up":[{"embeddable":true,"href":"https:\/\/industriemeister24.net\/index.php?rest_route=\/wp\/v2\/pages\/73"}],"wp:attachment":[{"href":"https:\/\/industriemeister24.net\/index.php?rest_route=%2Fwp%2Fv2%2Fmedia&parent=189"}],"curies":[{"name":"wp","href":"https:\/\/api.w.org\/{rel}","templated":true}]}}