{"id":223,"date":"2015-11-19T09:50:56","date_gmt":"2015-11-19T07:50:56","guid":{"rendered":"http:\/\/industriemeister24.net\/?page_id=223"},"modified":"2015-11-19T10:11:20","modified_gmt":"2015-11-19T08:11:20","slug":"fachrichtungen","status":"publish","type":"page","link":"https:\/\/industriemeister24.net\/?page_id=223","title":{"rendered":"Fachrichtungen"},"content":{"rendered":"<p>Der Gepr\u00fcfte\u00a0 Industriemeister ist ein\u00a0 Berufsbild, welches vielf\u00e4ltiger kaum sein k\u00f6nnte. Aus diesem Grund gibt es zahlreiche Fachrichtungen, die hier einmal kurz aufgef\u00fchrt und erl\u00e4utert werden sollen. Die Liste erhebt dabei keinen Anspruch auf Vollst\u00e4ndigkeit und gibt in ihrer Sortierung keinerlei Wertigkeit wieder.<\/p>\n<ul>\n<li>Metall<\/li>\n<li>Chemie<\/li>\n<li>Elektrotechnik<\/li>\n<li>Pharmazie<\/li>\n<li>Kunststoff und Kautschuk<\/li>\n<li>Mechatronik<\/li>\n<li>Printmedien<\/li>\n<li>Glas<\/li>\n<li>Papier- und Kunststoffverarbeitung<\/li>\n<li>Textilwirtschaft<\/li>\n<li>Papiererzeugung<\/li>\n<li>S\u00fc\u00dfwaren<\/li>\n<li>Isolierung<\/li>\n<li>Schuhfertigung<\/li>\n<li>Lebensmittel<\/li>\n<li>Buchbinderei<\/li>\n<li>Kraftverkehr<\/li>\n<\/ul>\n<p>sowie<\/p>\n<ul>\n<li>Gie\u00dferei<\/li>\n<li>Holzverarbeitung<\/li>\n<li>Luftfahrttechnik<\/li>\n<li>S\u00e4geindustrie<\/li>\n<li>Lack<\/li>\n<\/ul>\n","protected":false},"excerpt":{"rendered":"<p>Der Gepr\u00fcfte\u00a0 Industriemeister ist ein\u00a0 Berufsbild, welches vielf\u00e4ltiger kaum sein k\u00f6nnte. Aus diesem Grund gibt es zahlreiche Fachrichtungen, die hier einmal kurz aufgef\u00fchrt und erl\u00e4utert werden sollen. Die Liste erhebt dabei keinen Anspruch auf Vollst\u00e4ndigkeit und gibt in ihrer Sortierung keinerlei Wertigkeit wieder. Metall Chemie Elektrotechnik Pharmazie Kunststoff und Kautschuk Mechatronik Printmedien Glas Papier- und [&hellip;]<\/p>\n","protected":false},"author":2,"featured_media":0,"parent":0,"menu_order":0,"comment_status":"closed","ping_status":"closed","template":"","meta":{"footnotes":""},"class_list":["post-223","page","type-page","status-publish","hentry"],"jetpack_sharing_enabled":true,"amp_enabled":true,"_links":{"self":[{"href":"https:\/\/industriemeister24.net\/index.php?rest_route=\/wp\/v2\/pages\/223","targetHints":{"allow":["GET"]}}],"collection":[{"href":"https:\/\/industriemeister24.net\/index.php?rest_route=\/wp\/v2\/pages"}],"about":[{"href":"https:\/\/industriemeister24.net\/index.php?rest_route=\/wp\/v2\/types\/page"}],"author":[{"embeddable":true,"href":"https:\/\/industriemeister24.net\/index.php?rest_route=\/wp\/v2\/users\/2"}],"replies":[{"embeddable":true,"href":"https:\/\/industriemeister24.net\/index.php?rest_route=%2Fwp%2Fv2%2Fcomments&post=223"}],"version-history":[{"count":4,"href":"https:\/\/industriemeister24.net\/index.php?rest_route=\/wp\/v2\/pages\/223\/revisions"}],"predecessor-version":[{"id":229,"href":"https:\/\/industriemeister24.net\/index.php?rest_route=\/wp\/v2\/pages\/223\/revisions\/229"}],"wp:attachment":[{"href":"https:\/\/industriemeister24.net\/index.php?rest_route=%2Fwp%2Fv2%2Fmedia&parent=223"}],"curies":[{"name":"wp","href":"https:\/\/api.w.org\/{rel}","templated":true}]}}