{"id":237,"date":"2016-01-12T14:50:14","date_gmt":"2016-01-12T12:50:14","guid":{"rendered":"http:\/\/industriemeister24.net\/?page_id=237"},"modified":"2016-01-12T14:55:31","modified_gmt":"2016-01-12T12:55:31","slug":"formalia","status":"publish","type":"page","link":"https:\/\/industriemeister24.net\/?page_id=237","title":{"rendered":"Formalia"},"content":{"rendered":"<div>Das Pr\u00fcfungsverfahren der Industriemeister unterliegt einigen formalen Erfordernissen.<\/div>\n<div><\/div>\n<div>Die genauen Voraussetzungen und Nachweise h\u00e4ngen von Ihrer jeweiligen Fachrichtung ab. In der Regel helfen Ihnen die Kursanbieter dabei zu kl\u00e4ren, ob Ihre Voraussetzungen ausreichen und informieren Sie dar\u00fcber, welche genauen Nachweise in Ihrem Fall zu erbringen sind.<\/div>\n<div><\/div>\n<div>F\u00fcr die Vorbereitung und Durchf\u00fchrung der Pr\u00fcfungen ist grunds\u00e4tzlich Ihre zust\u00e4ndige IHK verantwortlich. Die folgende \u00dcbersicht kann Ihnen daher nur <strong>beispielhaft<\/strong> einen typischen zeitlichen Ablauf der formellen Aspekte des Pr\u00fcfungsverfahrens darstellen.<\/div>\n<div><\/div>\n<div>Pr\u00fcfen Sie gemeinsam &#8211; z. B. mit Ihrem Lehrgangsanbieter\/Bildungsmanager &#8211; welche Schritte in Ihrem Fall zu welchem Zeitpunkt genau erforderlich sind.<\/div>\n<div><\/div>\n<div class=\"text\"><\/div>\n<table class=\"tGrid\">\n<tbody>\n<tr>\n<td>\n<div class=\"text\"><strong>Ablauf des Pr\u00fcfungsverfahrens<\/strong><\/div>\n<\/td>\n<td style=\"text-align: center;\">\n<div class=\"text\"><strong>1. Halbjahr<br \/>\n<\/strong><\/div>\n<\/td>\n<td style=\"text-align: center;\">\n<div class=\"text\"><strong>2. Halbjahr<br \/>\n<\/strong><\/div>\n<\/td>\n<\/tr>\n<tr>\n<td>\n<div class=\"text\"><strong>Einreichen Ihres Antrages auf Zulassung bei der zust\u00e4ndigen IHK<\/strong><\/div>\n<div class=\"text\"><\/div>\n<\/td>\n<td style=\"text-align: center;\">\n<div class=\"text\">Einreichung VOR Lehrgangsbeginn wird empfohlen, Abgabetermin z. B. Mitte<strong> November des Vorjahres<\/strong><\/div>\n<\/td>\n<td style=\"text-align: center;\">Einreichung VOR Lehrgangsbeginn wird empfohlen, Abgabetermin z. B. Mitte<strong> Mai<br \/>\n<\/strong><\/td>\n<\/tr>\n<tr>\n<td>\n<div class=\"text\"><strong>Automatische Zusendung der Anmeldeunterlagen durch die zust\u00e4ndige IHK an die Pr\u00fcfungsteilnehmer<\/strong><\/div>\n<\/td>\n<td style=\"vertical-align: middle; text-align: center;\">\n<div class=\"text\">etwa im Dezember des Vorjahres<\/div>\n<\/td>\n<td style=\"vertical-align: middle; text-align: center;\">\n<div class=\"text\">etwa im Juni<\/div>\n<\/td>\n<\/tr>\n<tr>\n<td>\n<div class=\"text\"><strong>Einreichung der ausgef\u00fcllten Anmeldeunterlagen bei der zust\u00e4ndigen IHK (ggf. mit erforderlichen Anlagen)<\/strong><\/div>\n<\/td>\n<td style=\"text-align: center;\">\n<div class=\"text\">etwa Anfang des Jahres<\/div>\n<\/td>\n<td style=\"text-align: center;\">\n<div class=\"text\">etwa im Juli<\/div>\n<\/td>\n<\/tr>\n<tr>\n<td>\n<div class=\"text\"><strong>Berufs- und arbeitsp\u00e4dagogische Qualifikationen sind <\/strong>VOR Beginn der letzten Pr\u00fcfungsleistung nachzuweisen<\/div>\n<\/td>\n<td style=\"text-align: center;\"><\/td>\n<td style=\"text-align: center;\"><\/td>\n<\/tr>\n<tr>\n<td>\n<div class=\"text\"><strong>Fachrichtungs\u00fcbergreifende Basisqualifikationen<\/strong><strong> (Teil 1)<\/strong><br \/>\n&#8211; Rechtsbewusstes Handeln (90 Minuten)<br \/>\n&#8211; Betriebswirtschaftliches Handeln (90 Minuten)<br \/>\n&#8211; Anwendung von Methoden der Information, Kommunikation und Planung (90 Minuten)<\/div>\n<div class=\"text\">&#8211; Zusammenarbeit im Betrieb (90 Minuten)<br \/>\n&#8211; Ber\u00fccksichtigung naturwissenschaftlicher und technischer Gesetzm\u00e4\u00dfigkeiten (90 Minuten)<\/div>\n<\/td>\n<td style=\"text-align: center;\">\n<div class=\"text\">M\u00e4rz\/Mai<\/div>\n<div class=\"text\">(je nach Fachrichtung)<\/div>\n<\/td>\n<td style=\"text-align: center;\">\n<div class=\"text\">&#8211;<\/div>\n<\/td>\n<\/tr>\n<tr>\n<td>\n<div class=\"text\"><strong>Handlungsspezifische Qualifikation<\/strong><strong> (Teil 2, je nach Fachrichtung)<\/strong><br \/>\n&#8211; Handlungsbereich 1 (z. B. \u201eTechnik\u201d , 240 Minuten)<\/div>\n<\/td>\n<td style=\"text-align: center;\">\n<div class=\"text\">&#8211;<\/div>\n<\/td>\n<td style=\"text-align: center;\">\n<div class=\"text\">Oktober\/November<\/div>\n<div class=\"text\">(je nach Fachrichtung)<\/div>\n<\/td>\n<\/tr>\n<tr>\n<td>\n<div class=\"text\">&#8211; Handlungsbereich 2 (z. B. \u201eOrganisation\u201d, 240 Minuten)<\/div>\n<\/td>\n<td style=\"text-align: center;\">\n<div class=\"text\">&#8211;<\/div>\n<\/td>\n<td style=\"text-align: center;\">\n<div class=\"text\">Oktober\/November<\/div>\n<div class=\"text\">(je nach Fachrichtung)<\/div>\n<\/td>\n<\/tr>\n<tr>\n<td>\n<div class=\"text\"><strong>Situationsbezogenes Fachgespr\u00e4ch<\/strong><br \/>\n&#8211; Handlungsbereich (z. B. \u201eF\u00fchrung und Personal\u201d, 60 Minuten)<\/div>\n<\/td>\n<td style=\"text-align: center;\">\n<div class=\"text\">&#8211;<\/div>\n<\/td>\n<td style=\"text-align: center;\">\n<div class=\"text\">etwa Dezember<\/div>\n<\/td>\n<\/tr>\n<tr>\n<td>\n<div class=\"text\"><strong>M\u00fcndliche Erg\u00e4nzungspr\u00fcfung<\/strong><\/div>\n<\/td>\n<td style=\"text-align: center;\">\n<div class=\"text\">falls erforderlich, Termin wird rechtzeitig bekannt gegeben<\/div>\n<\/td>\n<td style=\"text-align: center;\">\n<div class=\"text\">falls erforderlich, Termin wird rechtzeitig bekannt gegeben<\/div>\n<\/td>\n<\/tr>\n<\/tbody>\n<\/table>\n","protected":false},"excerpt":{"rendered":"<p>Das Pr\u00fcfungsverfahren der Industriemeister unterliegt einigen formalen Erfordernissen. Die genauen Voraussetzungen und Nachweise h\u00e4ngen von Ihrer jeweiligen Fachrichtung ab. In der Regel helfen Ihnen die Kursanbieter dabei zu kl\u00e4ren, ob Ihre Voraussetzungen ausreichen und informieren Sie dar\u00fcber, welche genauen Nachweise in Ihrem Fall zu erbringen sind. F\u00fcr die Vorbereitung und Durchf\u00fchrung der Pr\u00fcfungen ist grunds\u00e4tzlich [&hellip;]<\/p>\n","protected":false},"author":2,"featured_media":0,"parent":0,"menu_order":0,"comment_status":"closed","ping_status":"closed","template":"","meta":{"footnotes":""},"class_list":["post-237","page","type-page","status-publish","hentry"],"jetpack_sharing_enabled":true,"amp_enabled":true,"_links":{"self":[{"href":"https:\/\/industriemeister24.net\/index.php?rest_route=\/wp\/v2\/pages\/237","targetHints":{"allow":["GET"]}}],"collection":[{"href":"https:\/\/industriemeister24.net\/index.php?rest_route=\/wp\/v2\/pages"}],"about":[{"href":"https:\/\/industriemeister24.net\/index.php?rest_route=\/wp\/v2\/types\/page"}],"author":[{"embeddable":true,"href":"https:\/\/industriemeister24.net\/index.php?rest_route=\/wp\/v2\/users\/2"}],"replies":[{"embeddable":true,"href":"https:\/\/industriemeister24.net\/index.php?rest_route=%2Fwp%2Fv2%2Fcomments&post=237"}],"version-history":[{"count":5,"href":"https:\/\/industriemeister24.net\/index.php?rest_route=\/wp\/v2\/pages\/237\/revisions"}],"predecessor-version":[{"id":374,"href":"https:\/\/industriemeister24.net\/index.php?rest_route=\/wp\/v2\/pages\/237\/revisions\/374"}],"wp:attachment":[{"href":"https:\/\/industriemeister24.net\/index.php?rest_route=%2Fwp%2Fv2%2Fmedia&parent=237"}],"curies":[{"name":"wp","href":"https:\/\/api.w.org\/{rel}","templated":true}]}}